{"id":1270,"date":"2021-08-06T15:20:50","date_gmt":"2021-08-06T13:20:50","guid":{"rendered":"http:\/\/v2.lelocal-trainingsquash.fr\/?page_id=1270"},"modified":"2021-09-10T14:46:53","modified_gmt":"2021-09-10T12:46:53","slug":"le-squash-2","status":"publish","type":"page","link":"https:\/\/lelocal-trainingsquash.fr\/index.php\/le-squash-2\/","title":{"rendered":"Le Squash"},"content":{"rendered":"<div id=\"pl-1270\"  class=\"panel-layout\" ><div id=\"pg-1270-0\"  class=\"panel-grid panel-has-style\" ><div class=\"siteorigin-panels-stretch panel-row-style panel-row-style-for-1270-0\" data-stretch-type=\"full-stretched\" ><div id=\"pgc-1270-0-0\"  class=\"panel-grid-cell\" ><div id=\"panel-1270-0-0-0\" class=\"so-panel widget widget_sow-hero panel-first-child panel-last-child\" data-index=\"0\" ><div\n\t\t\t\n\t\t\tclass=\"so-widget-sow-hero so-widget-sow-hero-default-83fa09d60302-1270 so-widget-fittext-wrapper\"\n\t\t\t data-fit-text-compressor=\"0.85\"\n\t\t>\t\t\t\t<div class=\"sow-slider-base\" style=\"display: none\" tabindex=\"0\">\n\t\t\t\t\t<ul\n\t\t\t\t\tclass=\"sow-slider-images\"\n\t\t\t\t\tdata-settings=\"{&quot;pagination&quot;:true,&quot;speed&quot;:800,&quot;timeout&quot;:8000,&quot;paused&quot;:true,&quot;pause_on_hover&quot;:false,&quot;swipe&quot;:true,&quot;nav_always_show_desktop&quot;:&quot;&quot;,&quot;nav_always_show_mobile&quot;:&quot;&quot;,&quot;breakpoint&quot;:&quot;780px&quot;,&quot;unmute&quot;:false,&quot;anchor&quot;:null}\"\n\t\t\t\t\t\t\t\t\t\tdata-anchor-id=\"\"\n\t\t\t\t>\t\t<li class=\"sow-slider-image  sow-slider-image-cover\" style=\"visibility: visible;;background-color: #333333\" >\n\t\t\t\t\t<div class=\"sow-slider-image-container\">\n\t\t\t<div class=\"sow-slider-image-wrapper\">\n\t\t\t\t<h1 style=\"text-align: left\"><\/h1>\n<h1 style=\"text-align: left\"><\/h1>\n<div class=\"sow-hero-buttons\" ><div\n\t\t\t\n\t\t\tclass=\"so-widget-sow-button so-widget-sow-button-wire-d2ee7d1126ab\"\n\t\t\t\n\t\t><div class=\"ow-button-base ow-button-align-center\"\n>\n\t\t\t<a\n\t\t\t\t\thref=\"#\"\n\t\t\t\t\tclass=\"sowb-button ow-icon-placement-left ow-button-hover\" \t>\n\t\t<span>\n\t\t\t\n\t\t\tRESERVER\t\t<\/span>\n\t\t\t<\/a>\n\t<\/div>\n<\/div><\/div>\n\t\t\t<\/div>\n\t\t<\/div>\n\t\t<div class=\"sow-slider-image-overlay sow-slider-image-cover\" style=\"opacity: 0.5;background-image: url(https:\/\/lelocal-trainingsquash.fr\/wp-content\/uploads\/2021\/08\/LELOCAL_gregmoyano2021-8642-scaled.jpg)\"  ><\/div>\t\t<\/li>\n\t\t\t\t<li class=\"sow-slider-image  sow-slider-image-cover\" style=\"visibility: hidden;;background-color: #333333\" >\n\t\t\t\t\t<div class=\"sow-slider-image-container\">\n\t\t\t<div class=\"sow-slider-image-wrapper\">\n\t\t\t\t<h1><\/h1>\n<h1 style=\"text-align: left\"><\/h1>\n\t\t\t<\/div>\n\t\t<\/div>\n\t\t<div class=\"sow-slider-image-overlay sow-slider-image-cover\" style=\"opacity: 0.5\" data-background=\"url(https:\/\/lelocal-trainingsquash.fr\/wp-content\/uploads\/2021\/08\/LELOCAL_gregmoyano2021-8054-scaled.jpg)\"  ><\/div>\t\t<\/li>\n\t\t\t\t<li class=\"sow-slider-image  sow-slider-image-cover\" style=\"visibility: hidden;;background-color: #333333\" >\n\t\t\t\t\t<div class=\"sow-slider-image-container\">\n\t\t\t<div class=\"sow-slider-image-wrapper\">\n\t\t\t\t<h1><\/h1>\n<h1 style=\"text-align: left\"><\/h1>\n\t\t\t<\/div>\n\t\t<\/div>\n\t\t<div class=\"sow-slider-image-overlay sow-slider-image-cover\" style=\"opacity: 0.5\" data-background=\"url(https:\/\/lelocal-trainingsquash.fr\/wp-content\/uploads\/2021\/08\/LELOCAL_gregmoyano2021-8652-scaled.jpg)\"  ><\/div>\t\t<\/li>\n\t\t<\/ul>\t\t\t\t<ol class=\"sow-slider-pagination\">\n\t\t\t\t\t\t\t\t\t\t\t<li><a href=\"#\" data-goto=\"0\" aria-label=\"Display slide 1\"><\/a><\/li>\n\t\t\t\t\t\t\t\t\t\t\t<li><a href=\"#\" data-goto=\"1\" aria-label=\"Display slide 2\"><\/a><\/li>\n\t\t\t\t\t\t\t\t\t\t\t<li><a href=\"#\" data-goto=\"2\" aria-label=\"Display slide 3\"><\/a><\/li>\n\t\t\t\t\t\t\t\t\t<\/ol>\n\n\t\t\t\t<div class=\"sow-slide-nav sow-slide-nav-next\">\n\t\t\t\t\t<a href=\"#\" data-goto=\"next\" aria-label=\"Next slide\" data-action=\"next\">\n\t\t\t\t\t\t<em class=\"sow-sld-icon-thin-right\"><\/em>\n\t\t\t\t\t<\/a>\n\t\t\t\t<\/div>\n\n\t\t\t\t<div class=\"sow-slide-nav sow-slide-nav-prev\">\n\t\t\t\t\t<a href=\"#\" data-goto=\"previous\" aria-label=\"Previous slide\" data-action=\"prev\">\n\t\t\t\t\t\t<em class=\"sow-sld-icon-thin-left\"><\/em>\n\t\t\t\t\t<\/a>\n\t\t\t\t<\/div>\n\t\t\t\t<\/div><\/div><\/div><\/div><\/div><\/div><div id=\"pg-1270-1\"  class=\"panel-grid panel-has-style\" ><div class=\"panel-row-style panel-row-style-for-1270-1\" ><div id=\"pgc-1270-1-0\"  class=\"panel-grid-cell\" ><div id=\"panel-1270-1-0-0\" class=\"so-panel widget widget_sow-headline panel-first-child\" data-index=\"1\" ><div\n\t\t\t\n\t\t\tclass=\"so-widget-sow-headline so-widget-sow-headline-default-cc52c1246219-1270 so-widget-fittext-wrapper\"\n\t\t\t data-fit-text-compressor=\"0.85\"\n\t\t><div class=\"sow-headline-container \">\n\t\t\t\t\t\t\t<h1 class=\"sow-headline\">\n\t\t\t\t\t\tLe Squash au Local\t\t\t\t\t\t<\/h1>\n\t\t\t\t\t\t<\/div>\n<\/div><\/div><div id=\"panel-1270-1-0-1\" class=\"so-panel widget widget_sow-features\" data-index=\"2\" ><div class=\"panel-widget-style panel-widget-style-for-1270-1-0-1\" ><div\n\t\t\t\n\t\t\tclass=\"so-widget-sow-features so-widget-sow-features-default-816017e1a15f-1270\"\n\t\t\t\n\t\t>\n<div class=\"sow-features-list \nsow-features-responsive\">\n\n\t\t\t\t\t\t\t\t\t<div\n\t\t\t\tclass=\"sow-features-feature sow-icon-container-position-top\"\n\t\t\t\tstyle=\"display: flex; flex-direction: column; width: calc(33.333% - 25px);\"\n\t\t\t>\n\t\t\t\n\t\t\t\t\t\t\t\t<div\n\t\t\t\t\tclass=\"sow-icon-container sow-container-none\"\n\t\t\t\t\tstyle=\"color: #404040; \"\n\t\t\t\t\t\t\t\t\t>\n\t\t\t\t\t<span class=\"sow-icon-fontawesome sow-fas\" data-sow-icon=\"&#xf00c;\"\n\t\tstyle=\"font-size: 48px; color: #333333\" \n\t\taria-hidden=\"true\"><\/span>\t\t\t\t<\/div>\n\t\t\t\t\n\t\t\t\t<div class=\"textwidget\">\n\t\t\t\t\t\n\t\t\t\t\t\t\t\t\t\t\t<h5 class=\"sow-features-feature-title\">\n\t\t\t\t\t\t\t\n\t\t\t\t\t\t\tR\u00e9servation \t\t\t\t\t\t\t\t\t\t\t\t\t<\/h5>\n\t\t\t\t\t\n\t\t\t\t\t\t\t\t\t\t\t<div class=\"sow-features-feature-text\">\n\t\t\t\t\t\t<p>R\u00e9servation via la fiche contact ou par t\u00e9l\u00e9phone au 0607134725<\/p>\n\t\t\t\t\t\t<\/div>\n\t\t\t\t\t\n\t\t\t\t\t\t\t\t\t<\/div>\n\t\t\t\t\t\t\t\t\n\t\t\t\t\t\t\t<\/div>\n\n\t\t\t\t\t\t\t\t<div\n\t\t\t\tclass=\"sow-features-feature sow-icon-container-position-top\"\n\t\t\t\tstyle=\"display: flex; flex-direction: column; width: calc(33.333% - 25px);\"\n\t\t\t>\n\t\t\t\n\t\t\t\t\t\t\t\t<div\n\t\t\t\t\tclass=\"sow-icon-container sow-container-none\"\n\t\t\t\t\tstyle=\"color: #404040; \"\n\t\t\t\t\t\t\t\t\t>\n\t\t\t\t\t<span class=\"sow-icon-fontawesome sow-fas\" data-sow-icon=\"&#xf00c;\"\n\t\tstyle=\"font-size: 48px; color: #333333\" \n\t\taria-hidden=\"true\"><\/span>\t\t\t\t<\/div>\n\t\t\t\t\n\t\t\t\t<div class=\"textwidget\">\n\t\t\t\t\t\n\t\t\t\t\t\t\t\t\t\t\t<h5 class=\"sow-features-feature-title\">\n\t\t\t\t\t\t\t\n\t\t\t\t\t\t\tLocation \t\t\t\t\t\t\t\t\t\t\t\t\t<\/h5>\n\t\t\t\t\t\n\t\t\t\t\t\t\t\t\t\t\t<div class=\"sow-features-feature-text\">\n\t\t\t\t\t\t<p>Pr\u00eat de raquette de squash et\/ou chaussures.<\/p>\n\t\t\t\t\t\t<\/div>\n\t\t\t\t\t\n\t\t\t\t\t\t\t\t\t<\/div>\n\t\t\t\t\t\t\t\t\n\t\t\t\t\t\t\t<\/div>\n\n\t\t\t\t\t\t\t\t<div\n\t\t\t\tclass=\"sow-features-feature sow-icon-container-position-top\"\n\t\t\t\tstyle=\"display: flex; flex-direction: column; width: calc(33.333% - 25px);\"\n\t\t\t>\n\t\t\t\n\t\t\t\t\t\t\t\t<div\n\t\t\t\t\tclass=\"sow-icon-container sow-container-none\"\n\t\t\t\t\tstyle=\"color: #404040; \"\n\t\t\t\t\t\t\t\t\t>\n\t\t\t\t\t<span class=\"sow-icon-fontawesome sow-fas\" data-sow-icon=\"&#xf00c;\"\n\t\tstyle=\"font-size: 48px; color: #333333\" \n\t\taria-hidden=\"true\"><\/span>\t\t\t\t<\/div>\n\t\t\t\t\n\t\t\t\t<div class=\"textwidget\">\n\t\t\t\t\t\n\t\t\t\t\t\t\t\t\t\t\t<h5 class=\"sow-features-feature-title\">\n\t\t\t\t\t\t\t\n\t\t\t\t\t\t\tTournois du Local\t\t\t\t\t\t\t\t\t\t\t\t\t<\/h5>\n\t\t\t\t\t\n\t\t\t\t\t\t\t\t\t\t\t<div class=\"sow-features-feature-text\">\n\t\t\t\t\t\t<p>Sur inscription.<\/p>\n<p>Suivez nous sur les r\u00e9seaux pour les dates d'inscriptions<\/p>\n<p>@lelocal.bidart<\/p>\n\t\t\t\t\t\t<\/div>\n\t\t\t\t\t\n\t\t\t\t\t\t\t\t\t<\/div>\n\t\t\t\t\t\t\t\t\n\t\t\t\t\t\t\t<\/div>\n\n\t\t\t\n<\/div>\n<\/div><\/div><\/div><div id=\"panel-1270-1-0-2\" class=\"widget_text so-panel widget widget_custom_html panel-last-child\" data-index=\"3\" ><h3 class=\"widget-title\"><span class=\"widget-title-word widget-title-word-1\">Les<\/span> <span class=\"widget-title-word widget-title-word-2\">Tarifs<\/span> <span class=\"widget-title-word widget-title-word-3\">du<\/span> <span class=\"widget-title-word widget-title-word-4\">Squash<\/span><\/h3><div class=\"textwidget custom-html-widget\">\n<table id=\"tablepress-1\" class=\"tablepress tablepress-id-1\">\n<tbody class=\"row-hover\">\n<tr class=\"row-1 odd\">\n\t<td class=\"column-1\">Heures creuses (en semaine de 8h \u00e0 12h et de 14h \u00e0 17h)<\/td><td class=\"column-2\">8.50\u20ac \/joueurs<\/td>\n<\/tr>\n<tr class=\"row-2 even\">\n\t<td class=\"column-1\">Heures pleines (entre 12h et 14h et de 17h \u00e0 21h ainsi que le weekend)<\/td><td class=\"column-2\">10\u20ac \/joueurs<\/td>\n<\/tr>\n<tr class=\"row-3 odd\">\n\t<td class=\"column-1\">Location raquette<\/td><td class=\"column-2\">2\u20ac<\/td>\n<\/tr>\n<tr class=\"row-4 even\">\n\t<td class=\"column-1\">Location chaussures<\/td><td class=\"column-2\">2\u20ac<\/td>\n<\/tr>\n<tr class=\"row-5 odd\">\n\t<td class=\"column-1\">Carnet 10 parties pour un joueur<\/td><td class=\"column-2\">90\u20ac (10\u00e8me offerte)<\/td>\n<\/tr>\n<\/tbody>\n<\/table>\n<!-- #tablepress-1 from cache --><\/div><\/div><\/div><\/div><\/div><\/div>","protected":false},"excerpt":{"rendered":"<p>RESERVER Le Squash au Local R\u00e9servation R\u00e9servation via la fiche contact ou par t\u00e9l\u00e9phone au 0607134725 Location Pr\u00eat de raquette<span class=\"more-dots\">&#8230;<\/span><\/p>\n","protected":false},"author":1,"featured_media":0,"parent":0,"menu_order":0,"comment_status":"closed","ping_status":"closed","template":"","meta":{"footnotes":""},"class_list":["post-1270","page","type-page","status-publish","hentry","no-post-thumbnail"],"yoast_head":"<!-- This site is optimized with the Yoast SEO plugin v17.1 - https:\/\/yoast.com\/wordpress\/plugins\/seo\/ -->\n<title>Le Squash - Le Local<\/title>\n<meta name=\"robots\" content=\"index, follow, max-snippet:-1, max-image-preview:large, max-video-preview:-1\" \/>\n<link rel=\"canonical\" href=\"https:\/\/lelocal-trainingsquash.fr\/index.php\/le-squash-2\/\" \/>\n<meta property=\"og:locale\" content=\"fr_FR\" \/>\n<meta property=\"og:type\" content=\"article\" \/>\n<meta property=\"og:title\" content=\"Le Squash - Le Local\" \/>\n<meta property=\"og:description\" content=\"RESERVER Le Squash au Local R\u00e9servation R\u00e9servation via la fiche contact ou par t\u00e9l\u00e9phone au 0607134725 Location Pr\u00eat de raquette...\" \/>\n<meta property=\"og:url\" content=\"https:\/\/lelocal-trainingsquash.fr\/index.php\/le-squash-2\/\" \/>\n<meta property=\"og:site_name\" content=\"Le Local\" \/>\n<meta property=\"article:modified_time\" content=\"2021-09-10T12:46:53+00:00\" \/>\n<meta name=\"twitter:card\" content=\"summary_large_image\" \/>\n<meta name=\"twitter:label1\" content=\"Dur\u00e9e de lecture est.\" \/>\n\t<meta name=\"twitter:data1\" content=\"1 minute\" \/>\n<script type=\"application\/ld+json\" class=\"yoast-schema-graph\">{\"@context\":\"https:\/\/schema.org\",\"@graph\":[{\"@type\":\"WebSite\",\"@id\":\"https:\/\/lelocal-trainingsquash.fr\/#website\",\"url\":\"https:\/\/lelocal-trainingsquash.fr\/\",\"name\":\"Le Local\",\"description\":\"Training &amp; Squash\",\"potentialAction\":[{\"@type\":\"SearchAction\",\"target\":{\"@type\":\"EntryPoint\",\"urlTemplate\":\"https:\/\/lelocal-trainingsquash.fr\/?s={search_term_string}\"},\"query-input\":\"required name=search_term_string\"}],\"inLanguage\":\"fr-FR\"},{\"@type\":\"WebPage\",\"@id\":\"https:\/\/lelocal-trainingsquash.fr\/index.php\/le-squash-2\/#webpage\",\"url\":\"https:\/\/lelocal-trainingsquash.fr\/index.php\/le-squash-2\/\",\"name\":\"Le Squash - Le Local\",\"isPartOf\":{\"@id\":\"https:\/\/lelocal-trainingsquash.fr\/#website\"},\"datePublished\":\"2021-08-06T13:20:50+00:00\",\"dateModified\":\"2021-09-10T12:46:53+00:00\",\"breadcrumb\":{\"@id\":\"https:\/\/lelocal-trainingsquash.fr\/index.php\/le-squash-2\/#breadcrumb\"},\"inLanguage\":\"fr-FR\",\"potentialAction\":[{\"@type\":\"ReadAction\",\"target\":[\"https:\/\/lelocal-trainingsquash.fr\/index.php\/le-squash-2\/\"]}]},{\"@type\":\"BreadcrumbList\",\"@id\":\"https:\/\/lelocal-trainingsquash.fr\/index.php\/le-squash-2\/#breadcrumb\",\"itemListElement\":[{\"@type\":\"ListItem\",\"position\":1,\"name\":\"Home\",\"item\":\"https:\/\/lelocal-trainingsquash.fr\/\"},{\"@type\":\"ListItem\",\"position\":2,\"name\":\"Le Squash\"}]}]}<\/script>\n<!-- \/ Yoast SEO plugin. -->","yoast_head_json":{"title":"Le Squash - Le Local","robots":{"index":"index","follow":"follow","max-snippet":"max-snippet:-1","max-image-preview":"max-image-preview:large","max-video-preview":"max-video-preview:-1"},"canonical":"https:\/\/lelocal-trainingsquash.fr\/index.php\/le-squash-2\/","og_locale":"fr_FR","og_type":"article","og_title":"Le Squash - Le Local","og_description":"RESERVER Le Squash au Local R\u00e9servation R\u00e9servation via la fiche contact ou par t\u00e9l\u00e9phone au 0607134725 Location Pr\u00eat de raquette...","og_url":"https:\/\/lelocal-trainingsquash.fr\/index.php\/le-squash-2\/","og_site_name":"Le Local","article_modified_time":"2021-09-10T12:46:53+00:00","twitter_card":"summary_large_image","twitter_misc":{"Dur\u00e9e de lecture est.":"1 minute"},"schema":{"@context":"https:\/\/schema.org","@graph":[{"@type":"WebSite","@id":"https:\/\/lelocal-trainingsquash.fr\/#website","url":"https:\/\/lelocal-trainingsquash.fr\/","name":"Le Local","description":"Training &amp; Squash","potentialAction":[{"@type":"SearchAction","target":{"@type":"EntryPoint","urlTemplate":"https:\/\/lelocal-trainingsquash.fr\/?s={search_term_string}"},"query-input":"required name=search_term_string"}],"inLanguage":"fr-FR"},{"@type":"WebPage","@id":"https:\/\/lelocal-trainingsquash.fr\/index.php\/le-squash-2\/#webpage","url":"https:\/\/lelocal-trainingsquash.fr\/index.php\/le-squash-2\/","name":"Le Squash - Le Local","isPartOf":{"@id":"https:\/\/lelocal-trainingsquash.fr\/#website"},"datePublished":"2021-08-06T13:20:50+00:00","dateModified":"2021-09-10T12:46:53+00:00","breadcrumb":{"@id":"https:\/\/lelocal-trainingsquash.fr\/index.php\/le-squash-2\/#breadcrumb"},"inLanguage":"fr-FR","potentialAction":[{"@type":"ReadAction","target":["https:\/\/lelocal-trainingsquash.fr\/index.php\/le-squash-2\/"]}]},{"@type":"BreadcrumbList","@id":"https:\/\/lelocal-trainingsquash.fr\/index.php\/le-squash-2\/#breadcrumb","itemListElement":[{"@type":"ListItem","position":1,"name":"Home","item":"https:\/\/lelocal-trainingsquash.fr\/"},{"@type":"ListItem","position":2,"name":"Le Squash"}]}]}},"_links":{"self":[{"href":"https:\/\/lelocal-trainingsquash.fr\/index.php\/wp-json\/wp\/v2\/pages\/1270","targetHints":{"allow":["GET"]}}],"collection":[{"href":"https:\/\/lelocal-trainingsquash.fr\/index.php\/wp-json\/wp\/v2\/pages"}],"about":[{"href":"https:\/\/lelocal-trainingsquash.fr\/index.php\/wp-json\/wp\/v2\/types\/page"}],"author":[{"embeddable":true,"href":"https:\/\/lelocal-trainingsquash.fr\/index.php\/wp-json\/wp\/v2\/users\/1"}],"replies":[{"embeddable":true,"href":"https:\/\/lelocal-trainingsquash.fr\/index.php\/wp-json\/wp\/v2\/comments?post=1270"}],"version-history":[{"count":43,"href":"https:\/\/lelocal-trainingsquash.fr\/index.php\/wp-json\/wp\/v2\/pages\/1270\/revisions"}],"predecessor-version":[{"id":1992,"href":"https:\/\/lelocal-trainingsquash.fr\/index.php\/wp-json\/wp\/v2\/pages\/1270\/revisions\/1992"}],"wp:attachment":[{"href":"https:\/\/lelocal-trainingsquash.fr\/index.php\/wp-json\/wp\/v2\/media?parent=1270"}],"curies":[{"name":"wp","href":"https:\/\/api.w.org\/{rel}","templated":true}]}}