{"id":1286,"date":"2021-08-06T15:38:26","date_gmt":"2021-08-06T13:38:26","guid":{"rendered":"http:\/\/v2.lelocal-trainingsquash.fr\/?page_id=1286"},"modified":"2021-09-10T16:51:59","modified_gmt":"2021-09-10T14:51:59","slug":"coaching-prive-2","status":"publish","type":"page","link":"https:\/\/lelocal-trainingsquash.fr\/index.php\/coaching-prive-2\/","title":{"rendered":"Coaching Priv\u00e9"},"content":{"rendered":"<div id=\"pl-1286\"  class=\"panel-layout\" ><div id=\"pg-1286-0\"  class=\"panel-grid panel-has-style\" ><div class=\"siteorigin-panels-stretch panel-row-style panel-row-style-for-1286-0\" data-stretch-type=\"full-stretched\" ><div id=\"pgc-1286-0-0\"  class=\"panel-grid-cell\" ><div id=\"panel-1286-0-0-0\" class=\"so-panel widget widget_sow-hero panel-first-child panel-last-child\" data-index=\"0\" ><div\n\t\t\t\n\t\t\tclass=\"so-widget-sow-hero so-widget-sow-hero-default-b0e56ef7dec9-1286 so-widget-fittext-wrapper\"\n\t\t\t data-fit-text-compressor=\"0.85\"\n\t\t>\t\t\t\t<div class=\"sow-slider-base\" style=\"display: none\" tabindex=\"0\">\n\t\t\t\t\t<ul\n\t\t\t\t\tclass=\"sow-slider-images\"\n\t\t\t\t\tdata-settings=\"{&quot;pagination&quot;:true,&quot;speed&quot;:800,&quot;timeout&quot;:8000,&quot;paused&quot;:false,&quot;pause_on_hover&quot;:false,&quot;swipe&quot;:true,&quot;nav_always_show_desktop&quot;:&quot;&quot;,&quot;nav_always_show_mobile&quot;:&quot;&quot;,&quot;breakpoint&quot;:&quot;780px&quot;,&quot;unmute&quot;:false,&quot;anchor&quot;:null}\"\n\t\t\t\t\tstyle=\"min-height: 680px\"\t\t\t\t\tdata-anchor-id=\"\"\n\t\t\t\t>\t\t<li class=\"sow-slider-image  sow-slider-image-cover\" style=\"visibility: visible;;background-color: #333333\" >\n\t\t\t\t\t<div class=\"sow-slider-image-container\">\n\t\t\t<div class=\"sow-slider-image-wrapper\">\n\t\t\t\t<h1 style=\"text-align: center\">Coaching Personnalis\u00e9<\/h1>\n<div id=\"panel-1286-1-0-0\" class=\"so-panel widget widget_sow-headline panel-first-child\" data-index=\"1\">\n<div class=\"panel-widget-style panel-widget-style-for-1286-1-0-0\">\n<div class=\"so-widget-sow-headline so-widget-sow-headline-default-d7ec899d6005-1286 so-widget-fittext-wrapper\" style=\"text-align: center\" data-fit-text-compressor=\"0.85\">\n<div class=\"sow-headline-container \">\n<p class=\"sow-sub-headline\" style=\"text-align: center\">Nos cours collectifs sont adapt\u00e9s pour r\u00e9pondre aux besoins de nos adh\u00e9rents, le coaching priv\u00e9 est un autre moyen d\u2019atteindre ses objectifs. Votre coach travaillera avec vous pour d\u00e9finir vos objectifs et y parvenir. Ces derniers peuvent \u00eatre vari\u00e9s.<\/p>\n<\/div>\n<\/div>\n<p style=\"text-align: center\">Perte de poids<br \/>\nPrise de masse<br \/>\nR\u00e9athl\u00e9tisation suite \u00e0 une blessure<br \/>\nAm\u00e9liorer votre technique<br \/>\nPr\u00e9paration \u00e0 un \u00e9v\u00e9nement ou une comp\u00e9tition<br \/>\nPr\u00e9paration physique \u00e0 votre sport<br \/>\nGym d\u2019entretien<\/p>\n<\/div>\n<\/div>\n\t\t\t<\/div>\n\t\t<\/div>\n\t\t<div class=\"sow-slider-image-overlay sow-slider-image-cover\" style=\"opacity: 0.3;background-image: url(https:\/\/lelocal-trainingsquash.fr\/wp-content\/uploads\/2021\/08\/LELOCAL_gregmoyano2021-8329-scaled.jpg)\"  ><\/div>\t\t<\/li>\n\t\t<\/ul>\t\t\t\t<ol class=\"sow-slider-pagination\">\n\t\t\t\t\t\t\t\t\t\t\t<li><a href=\"#\" data-goto=\"0\" aria-label=\"Display slide 1\"><\/a><\/li>\n\t\t\t\t\t\t\t\t\t<\/ol>\n\n\t\t\t\t<div class=\"sow-slide-nav sow-slide-nav-next\">\n\t\t\t\t\t<a href=\"#\" data-goto=\"next\" aria-label=\"Next slide\" data-action=\"next\">\n\t\t\t\t\t\t<em class=\"sow-sld-icon-thin-right\"><\/em>\n\t\t\t\t\t<\/a>\n\t\t\t\t<\/div>\n\n\t\t\t\t<div class=\"sow-slide-nav sow-slide-nav-prev\">\n\t\t\t\t\t<a href=\"#\" data-goto=\"previous\" aria-label=\"Previous slide\" data-action=\"prev\">\n\t\t\t\t\t\t<em class=\"sow-sld-icon-thin-left\"><\/em>\n\t\t\t\t\t<\/a>\n\t\t\t\t<\/div>\n\t\t\t\t<\/div><\/div><\/div><\/div><\/div><\/div><div id=\"pg-1286-1\"  class=\"panel-grid panel-has-style\" ><div class=\"siteorigin-panels-stretch panel-row-style panel-row-style-for-1286-1\" data-stretch-type=\"full\" ><div id=\"pgc-1286-1-0\"  class=\"panel-grid-cell\" ><div id=\"panel-1286-1-0-0\" class=\"so-panel widget widget_text panel-first-child panel-last-child\" data-index=\"1\" ><div class=\"panel-widget-style panel-widget-style-for-1286-1-0-0\" >\t\t\t<div class=\"textwidget\"><p>&nbsp;<\/p>\n<p>Nous pouvons vous proposer des sessions en petit groupe de 1 \u00e0 3 personnes maximum.<\/p>\n<h2>Tarifs sur devis<\/h2>\n<\/div>\n\t\t<\/div><\/div><\/div><\/div><\/div><\/div>","protected":false},"excerpt":{"rendered":"<p>&nbsp; Nous pouvons vous proposer des sessions en petit groupe de 1 \u00e0 3 personnes maximum. Tarifs sur devis<\/p>\n","protected":false},"author":1,"featured_media":0,"parent":0,"menu_order":0,"comment_status":"closed","ping_status":"closed","template":"","meta":{"footnotes":""},"class_list":["post-1286","page","type-page","status-publish","hentry","no-post-thumbnail"],"yoast_head":"<!-- This site is optimized with the Yoast SEO plugin v17.1 - https:\/\/yoast.com\/wordpress\/plugins\/seo\/ -->\n<title>Coaching Priv\u00e9 - Le Local<\/title>\n<meta name=\"robots\" content=\"index, follow, max-snippet:-1, max-image-preview:large, max-video-preview:-1\" \/>\n<link rel=\"canonical\" href=\"https:\/\/lelocal-trainingsquash.fr\/index.php\/coaching-prive-2\/\" \/>\n<meta property=\"og:locale\" content=\"fr_FR\" \/>\n<meta property=\"og:type\" content=\"article\" \/>\n<meta property=\"og:title\" content=\"Coaching Priv\u00e9 - Le Local\" \/>\n<meta property=\"og:description\" content=\"&nbsp; Nous pouvons vous proposer des sessions en petit groupe de 1 \u00e0 3 personnes maximum. Tarifs sur devis\" \/>\n<meta property=\"og:url\" content=\"https:\/\/lelocal-trainingsquash.fr\/index.php\/coaching-prive-2\/\" \/>\n<meta property=\"og:site_name\" content=\"Le Local\" \/>\n<meta property=\"article:modified_time\" content=\"2021-09-10T14:51:59+00:00\" \/>\n<meta name=\"twitter:card\" content=\"summary_large_image\" \/>\n<meta name=\"twitter:label1\" content=\"Dur\u00e9e de lecture est.\" \/>\n\t<meta name=\"twitter:data1\" content=\"1 minute\" \/>\n<script type=\"application\/ld+json\" class=\"yoast-schema-graph\">{\"@context\":\"https:\/\/schema.org\",\"@graph\":[{\"@type\":\"WebSite\",\"@id\":\"https:\/\/lelocal-trainingsquash.fr\/#website\",\"url\":\"https:\/\/lelocal-trainingsquash.fr\/\",\"name\":\"Le Local\",\"description\":\"Training &amp; Squash\",\"potentialAction\":[{\"@type\":\"SearchAction\",\"target\":{\"@type\":\"EntryPoint\",\"urlTemplate\":\"https:\/\/lelocal-trainingsquash.fr\/?s={search_term_string}\"},\"query-input\":\"required name=search_term_string\"}],\"inLanguage\":\"fr-FR\"},{\"@type\":\"WebPage\",\"@id\":\"https:\/\/lelocal-trainingsquash.fr\/index.php\/coaching-prive-2\/#webpage\",\"url\":\"https:\/\/lelocal-trainingsquash.fr\/index.php\/coaching-prive-2\/\",\"name\":\"Coaching Priv\\u00e9 - Le Local\",\"isPartOf\":{\"@id\":\"https:\/\/lelocal-trainingsquash.fr\/#website\"},\"datePublished\":\"2021-08-06T13:38:26+00:00\",\"dateModified\":\"2021-09-10T14:51:59+00:00\",\"breadcrumb\":{\"@id\":\"https:\/\/lelocal-trainingsquash.fr\/index.php\/coaching-prive-2\/#breadcrumb\"},\"inLanguage\":\"fr-FR\",\"potentialAction\":[{\"@type\":\"ReadAction\",\"target\":[\"https:\/\/lelocal-trainingsquash.fr\/index.php\/coaching-prive-2\/\"]}]},{\"@type\":\"BreadcrumbList\",\"@id\":\"https:\/\/lelocal-trainingsquash.fr\/index.php\/coaching-prive-2\/#breadcrumb\",\"itemListElement\":[{\"@type\":\"ListItem\",\"position\":1,\"name\":\"Home\",\"item\":\"https:\/\/lelocal-trainingsquash.fr\/\"},{\"@type\":\"ListItem\",\"position\":2,\"name\":\"Coaching Priv\\u00e9\"}]}]}<\/script>\n<!-- \/ Yoast SEO plugin. -->","yoast_head_json":{"title":"Coaching Priv\u00e9 - Le Local","robots":{"index":"index","follow":"follow","max-snippet":"max-snippet:-1","max-image-preview":"max-image-preview:large","max-video-preview":"max-video-preview:-1"},"canonical":"https:\/\/lelocal-trainingsquash.fr\/index.php\/coaching-prive-2\/","og_locale":"fr_FR","og_type":"article","og_title":"Coaching Priv\u00e9 - Le Local","og_description":"&nbsp; Nous pouvons vous proposer des sessions en petit groupe de 1 \u00e0 3 personnes maximum. Tarifs sur devis","og_url":"https:\/\/lelocal-trainingsquash.fr\/index.php\/coaching-prive-2\/","og_site_name":"Le Local","article_modified_time":"2021-09-10T14:51:59+00:00","twitter_card":"summary_large_image","twitter_misc":{"Dur\u00e9e de lecture est.":"1 minute"},"schema":{"@context":"https:\/\/schema.org","@graph":[{"@type":"WebSite","@id":"https:\/\/lelocal-trainingsquash.fr\/#website","url":"https:\/\/lelocal-trainingsquash.fr\/","name":"Le Local","description":"Training &amp; Squash","potentialAction":[{"@type":"SearchAction","target":{"@type":"EntryPoint","urlTemplate":"https:\/\/lelocal-trainingsquash.fr\/?s={search_term_string}"},"query-input":"required name=search_term_string"}],"inLanguage":"fr-FR"},{"@type":"WebPage","@id":"https:\/\/lelocal-trainingsquash.fr\/index.php\/coaching-prive-2\/#webpage","url":"https:\/\/lelocal-trainingsquash.fr\/index.php\/coaching-prive-2\/","name":"Coaching Priv\u00e9 - Le Local","isPartOf":{"@id":"https:\/\/lelocal-trainingsquash.fr\/#website"},"datePublished":"2021-08-06T13:38:26+00:00","dateModified":"2021-09-10T14:51:59+00:00","breadcrumb":{"@id":"https:\/\/lelocal-trainingsquash.fr\/index.php\/coaching-prive-2\/#breadcrumb"},"inLanguage":"fr-FR","potentialAction":[{"@type":"ReadAction","target":["https:\/\/lelocal-trainingsquash.fr\/index.php\/coaching-prive-2\/"]}]},{"@type":"BreadcrumbList","@id":"https:\/\/lelocal-trainingsquash.fr\/index.php\/coaching-prive-2\/#breadcrumb","itemListElement":[{"@type":"ListItem","position":1,"name":"Home","item":"https:\/\/lelocal-trainingsquash.fr\/"},{"@type":"ListItem","position":2,"name":"Coaching Priv\u00e9"}]}]}},"_links":{"self":[{"href":"https:\/\/lelocal-trainingsquash.fr\/index.php\/wp-json\/wp\/v2\/pages\/1286","targetHints":{"allow":["GET"]}}],"collection":[{"href":"https:\/\/lelocal-trainingsquash.fr\/index.php\/wp-json\/wp\/v2\/pages"}],"about":[{"href":"https:\/\/lelocal-trainingsquash.fr\/index.php\/wp-json\/wp\/v2\/types\/page"}],"author":[{"embeddable":true,"href":"https:\/\/lelocal-trainingsquash.fr\/index.php\/wp-json\/wp\/v2\/users\/1"}],"replies":[{"embeddable":true,"href":"https:\/\/lelocal-trainingsquash.fr\/index.php\/wp-json\/wp\/v2\/comments?post=1286"}],"version-history":[{"count":43,"href":"https:\/\/lelocal-trainingsquash.fr\/index.php\/wp-json\/wp\/v2\/pages\/1286\/revisions"}],"predecessor-version":[{"id":2061,"href":"https:\/\/lelocal-trainingsquash.fr\/index.php\/wp-json\/wp\/v2\/pages\/1286\/revisions\/2061"}],"wp:attachment":[{"href":"https:\/\/lelocal-trainingsquash.fr\/index.php\/wp-json\/wp\/v2\/media?parent=1286"}],"curies":[{"name":"wp","href":"https:\/\/api.w.org\/{rel}","templated":true}]}}